{"id":77,"date":"2021-03-09T16:42:32","date_gmt":"2021-03-09T15:42:32","guid":{"rendered":"http:\/\/auboutdesdoigts44.fr\/?page_id=77"},"modified":"2023-03-07T10:54:01","modified_gmt":"2023-03-07T09:54:01","slug":"a-propos-de-au-bout-des-doigts","status":"publish","type":"page","link":"https:\/\/auboutdesdoigts44.fr\/","title":{"rendered":""},"content":{"rendered":"\n<h4 class=\"has-text-align-center\">Au bout des doigts<\/h4>\n\n\n\n<h4 class=\"has-text-align-center\">Proth\u00e9siste Ongulaire et Technicienne des cils <\/h4>\n\n\n\n<p class=\"has-text-align-left\">Mon m\u00e9tier de Proth\u00e9siste Ongulaire consiste \u00e0 embellir les ongles de mes clientes, et comme chaque personne est unique, c&rsquo;est de concevoir et r\u00e9aliser une manucure personnalis\u00e9e qui corresponde au style de chacune.<\/p>\n\n\n\n<p>Je m&rsquo;appelle Nathalie, apr\u00e8s avoir \u00e9t\u00e9 responsable d&rsquo;agence d&rsquo;int\u00e9rim pendant 15 ans, j&rsquo;ai d\u00e9cid\u00e9 de travailler de ma passion et effectu\u00e9 une reconversion professionnelle.<\/p>\n\n\n\n<p> J&rsquo;ai suivi une formation compl\u00e8te et obtenu en novembre 2020 une certification professionnelle reconnue RNCP (Registre National des Comp\u00e9tences Professionnelles) puis en septembre 2021 une formation de technicienne de cils (rehaussement, extension cil \u00e0 cil et volume russe)<\/p>\n\n\n\n<p>Je vous re\u00e7ois dans un espace girly et cocooning afin de sublimer vos ongles, et r\u00e9aliser mes cr\u00e9ations sur-mesure en vous accompagnant dans le choix de la bonne technique,  de la bonne longueur et de la bonne couleur pour vos ongles.<\/p>\n\n\n\n<p>Mes prestations sont vari\u00e9es et je propose un large choix de couleurs :<\/p>\n\n\n\n<ul><li><strong>Rallongement des ongles naturels au gel ou acrygel avec la technique capsules ou chablons<\/strong><\/li><li><strong>Renforcement\/gainage des ongles naturels mous et cassants<\/strong><\/li><li><strong>Remplissage (toutes les 3 \u00e0 4 semaines)<\/strong><\/li><li><strong>Pose de vernis semi permanents mains et pieds<\/strong><\/li><li><strong>French manucure<\/strong><\/li><li><strong>Baby boomer<\/strong><\/li><li><strong>Nail Art (strass, motifs, effets miroir\/sir\u00e8ne\/cat&rsquo;s eyes, effet marbr\u00e9 &#8230;)<\/strong><\/li><\/ul>\n\n\n\n<pre class=\"wp-block-preformatted\"><\/pre>\n\n\n\n<figure class=\"wp-block-pullquote alignfull is-style-solid-color\"><blockquote><p><span class=\"has-inline-color has-accent-color\">L&rsquo;une des choses les plus difficiles \u00e0 faire dans le monde des technologies est de se r\u00e9inventer soi m\u00eame<\/span><\/p><cite>Matt Mullenweg<\/cite><\/blockquote><\/figure>\n\n\n\n<p><\/p>\n\n\n\n<p><\/p>\n\n\n\n<h4><\/h4>\n\n\n\n<p><\/p>\n","protected":false},"excerpt":{"rendered":"<p>Au bout des doigts Proth\u00e9siste Ongulaire et Technicienne des cils Mon m\u00e9tier de Proth\u00e9siste Ongulaire consiste \u00e0 embellir les ongles de mes clientes, et comme chaque personne est unique, c&rsquo;est de concevoir et r\u00e9aliser une manucure personnalis\u00e9e qui corresponde au style de chacune. Je m&rsquo;appelle Nathalie, apr\u00e8s avoir \u00e9t\u00e9 responsable d&rsquo;agence d&rsquo;int\u00e9rim pendant 15 ans, [&hellip;]<\/p>\n","protected":false},"author":1,"featured_media":0,"parent":0,"menu_order":0,"comment_status":"closed","ping_status":"closed","template":"","meta":[],"_links":{"self":[{"href":"https:\/\/auboutdesdoigts44.fr\/index.php?rest_route=\/wp\/v2\/pages\/77"}],"collection":[{"href":"https:\/\/auboutdesdoigts44.fr\/index.php?rest_route=\/wp\/v2\/pages"}],"about":[{"href":"https:\/\/auboutdesdoigts44.fr\/index.php?rest_route=\/wp\/v2\/types\/page"}],"author":[{"embeddable":true,"href":"https:\/\/auboutdesdoigts44.fr\/index.php?rest_route=\/wp\/v2\/users\/1"}],"replies":[{"embeddable":true,"href":"https:\/\/auboutdesdoigts44.fr\/index.php?rest_route=%2Fwp%2Fv2%2Fcomments&post=77"}],"version-history":[{"count":10,"href":"https:\/\/auboutdesdoigts44.fr\/index.php?rest_route=\/wp\/v2\/pages\/77\/revisions"}],"predecessor-version":[{"id":280,"href":"https:\/\/auboutdesdoigts44.fr\/index.php?rest_route=\/wp\/v2\/pages\/77\/revisions\/280"}],"wp:attachment":[{"href":"https:\/\/auboutdesdoigts44.fr\/index.php?rest_route=%2Fwp%2Fv2%2Fmedia&parent=77"}],"curies":[{"name":"wp","href":"https:\/\/api.w.org\/{rel}","templated":true}]}}